{"id":60,"date":"2023-05-15T09:46:54","date_gmt":"2023-05-15T09:46:54","guid":{"rendered":"https:\/\/cls.bacasable-atoll.com\/?page_id=60"},"modified":"2023-10-05T08:05:45","modified_gmt":"2023-10-05T08:05:45","slug":"sublimation-par-cryogenisation","status":"publish","type":"page","link":"https:\/\/cls.bacasable-atoll.com\/index.php\/sublimation-par-cryogenisation\/","title":{"rendered":"Sublimation par la cryog\u00e9nie"},"content":{"rendered":"\t\t<div data-elementor-type=\"wp-page\" data-elementor-id=\"60\" class=\"elementor elementor-60\" data-elementor-post-type=\"page\">\n\t\t\t\t\t\t\t<div class=\"elementor-element elementor-element-82022d4 e-con-full e-flex e-con e-parent\" data-id=\"82022d4\" data-element_type=\"container\" data-settings=\"{&quot;content_width&quot;:&quot;full&quot;,&quot;background_background&quot;:&quot;classic&quot;}\" data-core-v316-plus=\"true\">\n\t\t<div class=\"elementor-element elementor-element-f9ce77e e-con-full e-flex e-con e-child\" data-id=\"f9ce77e\" data-element_type=\"container\" data-settings=\"{&quot;content_width&quot;:&quot;full&quot;}\">\n\t\t\t\t<div class=\"elementor-element elementor-element-de3e9d4 elementor-widget elementor-widget-heading\" data-id=\"de3e9d4\" data-element_type=\"widget\" data-widget_type=\"heading.default\">\n\t\t\t\t<div class=\"elementor-widget-container\">\n\t\t\t<style>\/*! elementor - v3.16.0 - 20-09-2023 *\/\n.elementor-heading-title{padding:0;margin:0;line-height:1}.elementor-widget-heading .elementor-heading-title[class*=elementor-size-]>a{color:inherit;font-size:inherit;line-height:inherit}.elementor-widget-heading .elementor-heading-title.elementor-size-small{font-size:15px}.elementor-widget-heading .elementor-heading-title.elementor-size-medium{font-size:19px}.elementor-widget-heading .elementor-heading-title.elementor-size-large{font-size:29px}.elementor-widget-heading .elementor-heading-title.elementor-size-xl{font-size:39px}.elementor-widget-heading .elementor-heading-title.elementor-size-xxl{font-size:59px}<\/style><h2 class=\"elementor-heading-title elementor-size-default\">Sublimation par la Cryog\u00e9nie<\/h2>\t\t<\/div>\n\t\t\t\t<\/div>\n\t\t\t\t<div class=\"elementor-element elementor-element-33ecf42 elementor-widget elementor-widget-text-editor\" data-id=\"33ecf42\" data-element_type=\"widget\" data-widget_type=\"text-editor.default\">\n\t\t\t\t<div class=\"elementor-widget-container\">\n\t\t\t<style>\/*! elementor - v3.16.0 - 20-09-2023 *\/\n.elementor-widget-text-editor.elementor-drop-cap-view-stacked .elementor-drop-cap{background-color:#69727d;color:#fff}.elementor-widget-text-editor.elementor-drop-cap-view-framed .elementor-drop-cap{color:#69727d;border:3px solid;background-color:transparent}.elementor-widget-text-editor:not(.elementor-drop-cap-view-default) .elementor-drop-cap{margin-top:8px}.elementor-widget-text-editor:not(.elementor-drop-cap-view-default) .elementor-drop-cap-letter{width:1em;height:1em}.elementor-widget-text-editor .elementor-drop-cap{float:left;text-align:center;line-height:1;font-size:50px}.elementor-widget-text-editor .elementor-drop-cap-letter{display:inline-block}<\/style>\t\t\t\tL&rsquo;innovation \u00e0 basse temp\u00e9rature : La cryog\u00e9nie, une r\u00e9volution pour la conservation et l&rsquo;entretien des mat\u00e9riaux.\t\t\t\t\t\t<\/div>\n\t\t\t\t<\/div>\n\t\t\t\t<\/div>\n\t\t\t\t<\/div>\n\t\t<div class=\"elementor-element elementor-element-b3129f2 e-flex e-con-boxed e-con e-parent\" data-id=\"b3129f2\" data-element_type=\"container\" data-settings=\"{&quot;content_width&quot;:&quot;boxed&quot;}\" data-core-v316-plus=\"true\">\n\t\t\t\t\t<div class=\"e-con-inner\">\n\t\t\t\t<div class=\"elementor-element elementor-element-f621e2a elementor-widget elementor-widget-spacer\" data-id=\"f621e2a\" data-element_type=\"widget\" data-widget_type=\"spacer.default\">\n\t\t\t\t<div class=\"elementor-widget-container\">\n\t\t\t<style>\/*! elementor - v3.16.0 - 20-09-2023 *\/\n.elementor-column .elementor-spacer-inner{height:var(--spacer-size)}.e-con{--container-widget-width:100%}.e-con-inner>.elementor-widget-spacer,.e-con>.elementor-widget-spacer{width:var(--container-widget-width,var(--spacer-size));--align-self:var(--container-widget-align-self,initial);--flex-shrink:0}.e-con-inner>.elementor-widget-spacer>.elementor-widget-container,.e-con>.elementor-widget-spacer>.elementor-widget-container{height:100%;width:100%}.e-con-inner>.elementor-widget-spacer>.elementor-widget-container>.elementor-spacer,.e-con>.elementor-widget-spacer>.elementor-widget-container>.elementor-spacer{height:100%}.e-con-inner>.elementor-widget-spacer>.elementor-widget-container>.elementor-spacer>.elementor-spacer-inner,.e-con>.elementor-widget-spacer>.elementor-widget-container>.elementor-spacer>.elementor-spacer-inner{height:var(--container-widget-height,var(--spacer-size))}.e-con-inner>.elementor-widget-spacer.elementor-widget-empty,.e-con>.elementor-widget-spacer.elementor-widget-empty{position:relative;min-height:22px;min-width:22px}.e-con-inner>.elementor-widget-spacer.elementor-widget-empty .elementor-widget-empty-icon,.e-con>.elementor-widget-spacer.elementor-widget-empty .elementor-widget-empty-icon{position:absolute;top:0;bottom:0;left:0;right:0;margin:auto;padding:0;width:22px;height:22px}<\/style>\t\t<div class=\"elementor-spacer\">\n\t\t\t<div class=\"elementor-spacer-inner\"><\/div>\n\t\t<\/div>\n\t\t\t\t<\/div>\n\t\t\t\t<\/div>\n\t\t\t\t\t<\/div>\n\t\t\t\t<\/div>\n\t\t<div class=\"elementor-element elementor-element-f3bf7ec e-flex e-con-boxed e-con e-parent\" data-id=\"f3bf7ec\" data-element_type=\"container\" data-settings=\"{&quot;content_width&quot;:&quot;boxed&quot;}\" data-core-v316-plus=\"true\">\n\t\t\t\t\t<div class=\"e-con-inner\">\n\t\t<div class=\"elementor-element elementor-element-b7b5004 e-con-full e-flex e-con e-child\" data-id=\"b7b5004\" data-element_type=\"container\" data-settings=\"{&quot;content_width&quot;:&quot;full&quot;}\">\n\t\t\t\t<div class=\"elementor-element elementor-element-69e9f65 elementor-widget elementor-widget-heading\" data-id=\"69e9f65\" data-element_type=\"widget\" data-widget_type=\"heading.default\">\n\t\t\t\t<div class=\"elementor-widget-container\">\n\t\t\t<h2 class=\"elementor-heading-title elementor-size-default\">PERFORMANTE ET RESPECTUEUSE<\/h2>\t\t<\/div>\n\t\t\t\t<\/div>\n\t\t\t\t<div class=\"elementor-element elementor-element-39a34dc elementor-widget elementor-widget-heading\" data-id=\"39a34dc\" data-element_type=\"widget\" data-widget_type=\"heading.default\">\n\t\t\t\t<div class=\"elementor-widget-container\">\n\t\t\t<h2 class=\"elementor-heading-title elementor-size-default\">La cryog\u00e9nie, la solution de nettoyage r\u00e9volutionnaire<\/h2>\t\t<\/div>\n\t\t\t\t<\/div>\n\t\t\t\t<div class=\"elementor-element elementor-element-b9adabd elementor-widget elementor-widget-text-editor\" data-id=\"b9adabd\" data-element_type=\"widget\" data-widget_type=\"text-editor.default\">\n\t\t\t\t<div class=\"elementor-widget-container\">\n\t\t\t\t\t\t\tGr\u00e2ce \u00e0 ses effets thermiques et cin\u00e9tiques, la glace carbonique \u00e9limine efficacement les salissures et d\u00e9p\u00f4ts ind\u00e9sirables tout en pr\u00e9servant l&rsquo;int\u00e9grit\u00e9 des surfaces trait\u00e9es. Sans r\u00e9sidus ni n\u00e9cessit\u00e9 de d\u00e9montage, cette m\u00e9thode respectueuse de l&rsquo;environnement s&rsquo;adapte \u00e0 diverses applications. Transformez vos \u00e9quipements automobiles, installations industrielles, surfaces alimentaires et bien plus encore. \t\t\t\t\t\t<\/div>\n\t\t\t\t<\/div>\n\t\t\t\t<\/div>\n\t\t<div class=\"elementor-element elementor-element-c154b28 e-con-full e-flex e-con e-child\" data-id=\"c154b28\" data-element_type=\"container\" data-settings=\"{&quot;content_width&quot;:&quot;full&quot;,&quot;background_background&quot;:&quot;video&quot;,&quot;background_video_link&quot;:&quot;https:\\\/\\\/res.cloudinary.com\\\/realksanova\\\/video\\\/upload\\\/v1695392902\\\/Cryo2_mhwzfv.mp4&quot;,&quot;background_play_on_mobile&quot;:&quot;yes&quot;}\">\n\t\t<div class=\"elementor-background-video-container\">\n\t\t\t\t\t\t\t<video class=\"elementor-background-video-hosted elementor-html5-video\" autoplay muted playsinline loop><\/video>\n\t\t\t\t\t<\/div>\t\t<\/div>\n\t\t\t\t\t<\/div>\n\t\t\t\t<\/div>\n\t\t<div class=\"elementor-element elementor-element-aaa0069 e-flex e-con-boxed e-con e-parent\" data-id=\"aaa0069\" data-element_type=\"container\" data-settings=\"{&quot;content_width&quot;:&quot;boxed&quot;}\" data-core-v316-plus=\"true\">\n\t\t\t\t\t<div class=\"e-con-inner\">\n\t\t\t\t<div class=\"elementor-element elementor-element-f1c2781 elementor-widget elementor-widget-spacer\" data-id=\"f1c2781\" data-element_type=\"widget\" data-widget_type=\"spacer.default\">\n\t\t\t\t<div class=\"elementor-widget-container\">\n\t\t\t\t\t<div class=\"elementor-spacer\">\n\t\t\t<div class=\"elementor-spacer-inner\"><\/div>\n\t\t<\/div>\n\t\t\t\t<\/div>\n\t\t\t\t<\/div>\n\t\t\t\t\t<\/div>\n\t\t\t\t<\/div>\n\t\t<div class=\"elementor-element elementor-element-a01ae00 e-con-full e-flex e-con e-parent\" data-id=\"a01ae00\" data-element_type=\"container\" data-settings=\"{&quot;content_width&quot;:&quot;full&quot;,&quot;background_background&quot;:&quot;classic&quot;}\" data-core-v316-plus=\"true\">\n\t\t\t\t<div class=\"elementor-element elementor-element-1e8fe6b elementor-widget elementor-widget-spacer\" data-id=\"1e8fe6b\" data-element_type=\"widget\" data-widget_type=\"spacer.default\">\n\t\t\t\t<div class=\"elementor-widget-container\">\n\t\t\t\t\t<div class=\"elementor-spacer\">\n\t\t\t<div class=\"elementor-spacer-inner\"><\/div>\n\t\t<\/div>\n\t\t\t\t<\/div>\n\t\t\t\t<\/div>\n\t\t\t\t<div class=\"elementor-element elementor-element-2938e92 elementor-widget elementor-widget-heading\" data-id=\"2938e92\" data-element_type=\"widget\" data-widget_type=\"heading.default\">\n\t\t\t\t<div class=\"elementor-widget-container\">\n\t\t\t<h2 class=\"elementor-heading-title elementor-size-default\">LA SUBLIMATION EN ACTION<\/h2>\t\t<\/div>\n\t\t\t\t<\/div>\n\t\t\t\t<div class=\"elementor-element elementor-element-a8bfff3 elementor-widget elementor-widget-text-editor\" data-id=\"a8bfff3\" data-element_type=\"widget\" data-widget_type=\"text-editor.default\">\n\t\t\t\t<div class=\"elementor-widget-container\">\n\t\t\t\t\t\t\tParce que la sublimation est d\u00e9j\u00e0 une r\u00e9alit\u00e9 concr\u00e8te, <br>d\u00e9couvrez sa force et p\u00e9r\u00e9nisez vos\noutils de production&#8230;\t\t\t\t\t\t<\/div>\n\t\t\t\t<\/div>\n\t\t<div class=\"elementor-element elementor-element-c0910c8 e-flex e-con-boxed e-con e-child\" data-id=\"c0910c8\" data-element_type=\"container\" data-settings=\"{&quot;content_width&quot;:&quot;boxed&quot;}\">\n\t\t\t\t\t<div class=\"e-con-inner\">\n\t\t\t\t<div class=\"elementor-element elementor-element-81b931d elementor-widget elementor-widget-image\" data-id=\"81b931d\" data-element_type=\"widget\" data-widget_type=\"image.default\">\n\t\t\t\t<div class=\"elementor-widget-container\">\n\t\t\t<style>\/*! elementor - v3.16.0 - 20-09-2023 *\/\n.elementor-widget-image{text-align:center}.elementor-widget-image a{display:inline-block}.elementor-widget-image a img[src$=\".svg\"]{width:48px}.elementor-widget-image img{vertical-align:middle;display:inline-block}<\/style>\t\t\t\t\t\t\t\t\t\t\t\t<img decoding=\"async\" src=\"https:\/\/cls.bacasable-atoll.com\/wp-content\/uploads\/2023\/05\/asawcxc.png\" title=\"asawcxc\" alt=\"asawcxc\" loading=\"lazy\" \/>\t\t\t\t\t\t\t\t\t\t\t\t\t\t\t<\/div>\n\t\t\t\t<\/div>\n\t\t\t\t<div class=\"elementor-element elementor-element-1b8c2eb elementor-widget elementor-widget-image\" data-id=\"1b8c2eb\" data-element_type=\"widget\" data-widget_type=\"image.default\">\n\t\t\t\t<div class=\"elementor-widget-container\">\n\t\t\t\t\t\t\t\t\t\t\t\t\t\t\t<img decoding=\"async\" src=\"https:\/\/cls.bacasable-atoll.com\/wp-content\/uploads\/2023\/05\/zdzqdq1.png\" title=\"zdzqdq1\" alt=\"zdzqdq1\" loading=\"lazy\" \/>\t\t\t\t\t\t\t\t\t\t\t\t\t\t\t<\/div>\n\t\t\t\t<\/div>\n\t\t\t\t<div class=\"elementor-element elementor-element-85ffcc3 elementor-widget elementor-widget-image\" data-id=\"85ffcc3\" data-element_type=\"widget\" data-widget_type=\"image.default\">\n\t\t\t\t<div class=\"elementor-widget-container\">\n\t\t\t\t\t\t\t\t\t\t\t\t\t\t\t<img decoding=\"async\" src=\"https:\/\/cls.bacasable-atoll.com\/wp-content\/uploads\/2023\/05\/dzqadzeqz.png\" title=\"dzqadzeqz\" alt=\"dzqadzeqz\" loading=\"lazy\" \/>\t\t\t\t\t\t\t\t\t\t\t\t\t\t\t<\/div>\n\t\t\t\t<\/div>\n\t\t\t\t<div class=\"elementor-element elementor-element-50f55d9 elementor-widget elementor-widget-image\" data-id=\"50f55d9\" data-element_type=\"widget\" data-widget_type=\"image.default\">\n\t\t\t\t<div class=\"elementor-widget-container\">\n\t\t\t\t\t\t\t\t\t\t\t\t\t\t\t<img decoding=\"async\" src=\"https:\/\/cls.bacasable-atoll.com\/wp-content\/uploads\/2023\/05\/526524.png\" title=\"526524\" alt=\"526524\" loading=\"lazy\" \/>\t\t\t\t\t\t\t\t\t\t\t\t\t\t\t<\/div>\n\t\t\t\t<\/div>\n\t\t\t\t<div class=\"elementor-element elementor-element-cb54f23 elementor-widget elementor-widget-image\" data-id=\"cb54f23\" data-element_type=\"widget\" data-widget_type=\"image.default\">\n\t\t\t\t<div class=\"elementor-widget-container\">\n\t\t\t\t\t\t\t\t\t\t\t\t\t\t\t<img decoding=\"async\" src=\"https:\/\/cls.bacasable-atoll.com\/wp-content\/uploads\/2023\/05\/dqdzqdqzdq.png\" title=\"dqdzqdqzdq\" alt=\"dqdzqdqzdq\" loading=\"lazy\" \/>\t\t\t\t\t\t\t\t\t\t\t\t\t\t\t<\/div>\n\t\t\t\t<\/div>\n\t\t\t\t<div class=\"elementor-element elementor-element-6b13d5e elementor-widget elementor-widget-image\" data-id=\"6b13d5e\" data-element_type=\"widget\" data-widget_type=\"image.default\">\n\t\t\t\t<div class=\"elementor-widget-container\">\n\t\t\t\t\t\t\t\t\t\t\t\t\t\t\t<img decoding=\"async\" src=\"https:\/\/cls.bacasable-atoll.com\/wp-content\/uploads\/2023\/05\/zfqdqdz.png\" title=\"zfqdqdz\" alt=\"zfqdqdz\" loading=\"lazy\" \/>\t\t\t\t\t\t\t\t\t\t\t\t\t\t\t<\/div>\n\t\t\t\t<\/div>\n\t\t\t\t\t<\/div>\n\t\t\t\t<\/div>\n\t\t\t\t<\/div>\n\t\t<div class=\"elementor-element elementor-element-21eb49e e-flex e-con-boxed e-con e-parent\" data-id=\"21eb49e\" data-element_type=\"container\" data-settings=\"{&quot;background_background&quot;:&quot;classic&quot;,&quot;content_width&quot;:&quot;boxed&quot;}\" data-core-v316-plus=\"true\">\n\t\t\t\t\t<div class=\"e-con-inner\">\n\t\t\t\t<div class=\"elementor-element elementor-element-3e0e5cf elementor-widget elementor-widget-spacer\" data-id=\"3e0e5cf\" data-element_type=\"widget\" data-widget_type=\"spacer.default\">\n\t\t\t\t<div class=\"elementor-widget-container\">\n\t\t\t\t\t<div class=\"elementor-spacer\">\n\t\t\t<div class=\"elementor-spacer-inner\"><\/div>\n\t\t<\/div>\n\t\t\t\t<\/div>\n\t\t\t\t<\/div>\n\t\t\t\t\t<\/div>\n\t\t\t\t<\/div>\n\t\t<div class=\"elementor-element elementor-element-b4f8320 e-flex e-con-boxed e-con e-parent\" data-id=\"b4f8320\" data-element_type=\"container\" data-settings=\"{&quot;background_background&quot;:&quot;classic&quot;,&quot;content_width&quot;:&quot;boxed&quot;}\" data-core-v316-plus=\"true\">\n\t\t\t\t\t<div class=\"e-con-inner\">\n\t\t\t\t<div class=\"elementor-element elementor-element-65b25a6 elementor-widget elementor-widget-spacer\" data-id=\"65b25a6\" data-element_type=\"widget\" data-widget_type=\"spacer.default\">\n\t\t\t\t<div class=\"elementor-widget-container\">\n\t\t\t\t\t<div class=\"elementor-spacer\">\n\t\t\t<div class=\"elementor-spacer-inner\"><\/div>\n\t\t<\/div>\n\t\t\t\t<\/div>\n\t\t\t\t<\/div>\n\t\t\t\t<div class=\"elementor-element elementor-element-0b84c85 elementor-widget elementor-widget-heading\" data-id=\"0b84c85\" data-element_type=\"widget\" data-widget_type=\"heading.default\">\n\t\t\t\t<div class=\"elementor-widget-container\">\n\t\t\t<h2 class=\"elementor-heading-title elementor-size-default\">Vous souhaitez en savoir plus sur la sublimation ?\n<\/h2>\t\t<\/div>\n\t\t\t\t<\/div>\n\t\t\t\t<div class=\"elementor-element elementor-element-f6d54c9 elementor-widget elementor-widget-text-editor\" data-id=\"f6d54c9\" data-element_type=\"widget\" data-widget_type=\"text-editor.default\">\n\t\t\t\t<div class=\"elementor-widget-container\">\n\t\t\t\t\t\t\t<p>Demandez d\u00e8s maintenant une d\u00e9monstration sur mesure et constatez par <br \/>vous-m\u00eame l&rsquo;efficacit\u00e9 de ces technologies hors du commun.<\/p>\t\t\t\t\t\t<\/div>\n\t\t\t\t<\/div>\n\t\t\t\t<div class=\"elementor-element elementor-element-a24bab7 elementor-widget elementor-widget-premium-addon-button\" data-id=\"a24bab7\" data-element_type=\"widget\" data-widget_type=\"premium-addon-button.default\">\n\t\t\t\t<div class=\"elementor-widget-container\">\n\t\t\t\r\n\r\n\t\t<a class=\"premium-button premium-button-none premium-btn-lg premium-button-none\" href=\"https:\/\/cls.bacasable-atoll.com\/index.php\/contact\/\">\r\n\t\t\t<div class=\"premium-button-text-icon-wrapper\">\r\n\t\t\t\t\t\t\t\t<span >\r\n\t\t\t\t\tContacter\t\t\t\t<\/span>\r\n\t\t\t\t\t\t\t<\/div>\r\n\t\t\t\t\t\t\t\t<\/a>\r\n\r\n\r\n\t\t\t\t<\/div>\n\t\t\t\t<\/div>\n\t\t\t\t<div class=\"elementor-element elementor-element-63cbe80 elementor-widget elementor-widget-spacer\" data-id=\"63cbe80\" data-element_type=\"widget\" data-widget_type=\"spacer.default\">\n\t\t\t\t<div class=\"elementor-widget-container\">\n\t\t\t\t\t<div class=\"elementor-spacer\">\n\t\t\t<div class=\"elementor-spacer-inner\"><\/div>\n\t\t<\/div>\n\t\t\t\t<\/div>\n\t\t\t\t<\/div>\n\t\t\t\t\t<\/div>\n\t\t\t\t<\/div>\n\t\t\t\t\t\t\t<\/div>\n\t\t","protected":false},"excerpt":{"rendered":"<p>Sublimation par la Cryog\u00e9nie L&rsquo;innovation \u00e0 basse temp\u00e9rature : La cryog\u00e9nie, une r\u00e9volution pour la conservation et l&rsquo;entretien des mat\u00e9riaux. PERFORMANTE ET RESPECTUEUSE La cryog\u00e9nie, la solution de nettoyage r\u00e9volutionnaire Gr\u00e2ce \u00e0 ses effets thermiques et cin\u00e9tiques, la glace carbonique \u00e9limine efficacement les salissures et d\u00e9p\u00f4ts ind\u00e9sirables tout en pr\u00e9servant l&rsquo;int\u00e9grit\u00e9 des surfaces trait\u00e9es. Sans [&hellip;]<\/p>\n","protected":false},"author":1,"featured_media":0,"parent":0,"menu_order":0,"comment_status":"closed","ping_status":"closed","template":"","meta":{"inline_featured_image":false,"footnotes":""},"yoast_head":"<!-- This site is optimized with the Yoast SEO plugin v21.3 - https:\/\/yoast.com\/wordpress\/plugins\/seo\/ -->\n<title>Sublimation par la cryog\u00e9nie - Clogicservices<\/title>\n<meta name=\"robots\" content=\"noindex, follow, max-snippet:-1, max-image-preview:large, max-video-preview:-1\" \/>\n<meta property=\"og:locale\" content=\"fr_FR\" \/>\n<meta property=\"og:type\" content=\"article\" \/>\n<meta property=\"og:title\" content=\"Sublimation par la cryog\u00e9nie - Clogicservices\" \/>\n<meta property=\"og:description\" content=\"Sublimation par la Cryog\u00e9nie L&rsquo;innovation \u00e0 basse temp\u00e9rature : La cryog\u00e9nie, une r\u00e9volution pour la conservation et l&rsquo;entretien des mat\u00e9riaux. PERFORMANTE ET RESPECTUEUSE La cryog\u00e9nie, la solution de nettoyage r\u00e9volutionnaire Gr\u00e2ce \u00e0 ses effets thermiques et cin\u00e9tiques, la glace carbonique \u00e9limine efficacement les salissures et d\u00e9p\u00f4ts ind\u00e9sirables tout en pr\u00e9servant l&rsquo;int\u00e9grit\u00e9 des surfaces trait\u00e9es. Sans [&hellip;]\" \/>\n<meta property=\"og:url\" content=\"https:\/\/cls.bacasable-atoll.com\/index.php\/sublimation-par-cryogenisation\/\" \/>\n<meta property=\"og:site_name\" content=\"Clogicservices\" \/>\n<meta property=\"article:modified_time\" content=\"2023-10-05T08:05:45+00:00\" \/>\n<meta property=\"og:image\" content=\"http:\/\/cls.bacasable-atoll.com\/wp-content\/uploads\/2023\/05\/asawcxc.png\" \/>\n<meta name=\"twitter:card\" content=\"summary_large_image\" \/>\n<meta name=\"twitter:label1\" content=\"Dur\u00e9e de lecture estim\u00e9e\" \/>\n\t<meta name=\"twitter:data1\" content=\"2 minutes\" \/>\n<script type=\"application\/ld+json\" class=\"yoast-schema-graph\">{\"@context\":\"https:\/\/schema.org\",\"@graph\":[{\"@type\":\"WebPage\",\"@id\":\"https:\/\/cls.bacasable-atoll.com\/index.php\/sublimation-par-cryogenisation\/\",\"url\":\"https:\/\/cls.bacasable-atoll.com\/index.php\/sublimation-par-cryogenisation\/\",\"name\":\"Sublimation par la cryog\u00e9nie - Clogicservices\",\"isPartOf\":{\"@id\":\"https:\/\/cls.bacasable-atoll.com\/#website\"},\"datePublished\":\"2023-05-15T09:46:54+00:00\",\"dateModified\":\"2023-10-05T08:05:45+00:00\",\"breadcrumb\":{\"@id\":\"https:\/\/cls.bacasable-atoll.com\/index.php\/sublimation-par-cryogenisation\/#breadcrumb\"},\"inLanguage\":\"fr-FR\",\"potentialAction\":[{\"@type\":\"ReadAction\",\"target\":[\"https:\/\/cls.bacasable-atoll.com\/index.php\/sublimation-par-cryogenisation\/\"]}]},{\"@type\":\"BreadcrumbList\",\"@id\":\"https:\/\/cls.bacasable-atoll.com\/index.php\/sublimation-par-cryogenisation\/#breadcrumb\",\"itemListElement\":[{\"@type\":\"ListItem\",\"position\":1,\"name\":\"Accueil\",\"item\":\"https:\/\/cls.bacasable-atoll.com\/\"},{\"@type\":\"ListItem\",\"position\":2,\"name\":\"Sublimation par la cryog\u00e9nie\"}]},{\"@type\":\"WebSite\",\"@id\":\"https:\/\/cls.bacasable-atoll.com\/#website\",\"url\":\"https:\/\/cls.bacasable-atoll.com\/\",\"name\":\"Clogicservices\",\"description\":\"Sublimation Laser &amp; Cryog\u00e9nisation\",\"publisher\":{\"@id\":\"https:\/\/cls.bacasable-atoll.com\/#organization\"},\"potentialAction\":[{\"@type\":\"SearchAction\",\"target\":{\"@type\":\"EntryPoint\",\"urlTemplate\":\"https:\/\/cls.bacasable-atoll.com\/?s={search_term_string}\"},\"query-input\":\"required name=search_term_string\"}],\"inLanguage\":\"fr-FR\"},{\"@type\":\"Organization\",\"@id\":\"https:\/\/cls.bacasable-atoll.com\/#organization\",\"name\":\"C Logic Services\",\"alternateName\":\"CLS France\",\"url\":\"https:\/\/cls.bacasable-atoll.com\/\",\"logo\":{\"@type\":\"ImageObject\",\"inLanguage\":\"fr-FR\",\"@id\":\"https:\/\/cls.bacasable-atoll.com\/#\/schema\/logo\/image\/\",\"url\":\"https:\/\/cls.bacasable-atoll.com\/wp-content\/uploads\/2023\/05\/logo-cls-NOIR.png\",\"contentUrl\":\"https:\/\/cls.bacasable-atoll.com\/wp-content\/uploads\/2023\/05\/logo-cls-NOIR.png\",\"width\":5253,\"height\":2118,\"caption\":\"C Logic Services\"},\"image\":{\"@id\":\"https:\/\/cls.bacasable-atoll.com\/#\/schema\/logo\/image\/\"}}]}<\/script>\n<!-- \/ Yoast SEO plugin. -->","yoast_head_json":{"title":"Sublimation par la cryog\u00e9nie - Clogicservices","robots":{"index":"noindex","follow":"follow","max-snippet":"max-snippet:-1","max-image-preview":"max-image-preview:large","max-video-preview":"max-video-preview:-1"},"og_locale":"fr_FR","og_type":"article","og_title":"Sublimation par la cryog\u00e9nie - Clogicservices","og_description":"Sublimation par la Cryog\u00e9nie L&rsquo;innovation \u00e0 basse temp\u00e9rature : La cryog\u00e9nie, une r\u00e9volution pour la conservation et l&rsquo;entretien des mat\u00e9riaux. PERFORMANTE ET RESPECTUEUSE La cryog\u00e9nie, la solution de nettoyage r\u00e9volutionnaire Gr\u00e2ce \u00e0 ses effets thermiques et cin\u00e9tiques, la glace carbonique \u00e9limine efficacement les salissures et d\u00e9p\u00f4ts ind\u00e9sirables tout en pr\u00e9servant l&rsquo;int\u00e9grit\u00e9 des surfaces trait\u00e9es. Sans [&hellip;]","og_url":"https:\/\/cls.bacasable-atoll.com\/index.php\/sublimation-par-cryogenisation\/","og_site_name":"Clogicservices","article_modified_time":"2023-10-05T08:05:45+00:00","og_image":[{"url":"http:\/\/cls.bacasable-atoll.com\/wp-content\/uploads\/2023\/05\/asawcxc.png"}],"twitter_card":"summary_large_image","twitter_misc":{"Dur\u00e9e de lecture estim\u00e9e":"2 minutes"},"schema":{"@context":"https:\/\/schema.org","@graph":[{"@type":"WebPage","@id":"https:\/\/cls.bacasable-atoll.com\/index.php\/sublimation-par-cryogenisation\/","url":"https:\/\/cls.bacasable-atoll.com\/index.php\/sublimation-par-cryogenisation\/","name":"Sublimation par la cryog\u00e9nie - Clogicservices","isPartOf":{"@id":"https:\/\/cls.bacasable-atoll.com\/#website"},"datePublished":"2023-05-15T09:46:54+00:00","dateModified":"2023-10-05T08:05:45+00:00","breadcrumb":{"@id":"https:\/\/cls.bacasable-atoll.com\/index.php\/sublimation-par-cryogenisation\/#breadcrumb"},"inLanguage":"fr-FR","potentialAction":[{"@type":"ReadAction","target":["https:\/\/cls.bacasable-atoll.com\/index.php\/sublimation-par-cryogenisation\/"]}]},{"@type":"BreadcrumbList","@id":"https:\/\/cls.bacasable-atoll.com\/index.php\/sublimation-par-cryogenisation\/#breadcrumb","itemListElement":[{"@type":"ListItem","position":1,"name":"Accueil","item":"https:\/\/cls.bacasable-atoll.com\/"},{"@type":"ListItem","position":2,"name":"Sublimation par la cryog\u00e9nie"}]},{"@type":"WebSite","@id":"https:\/\/cls.bacasable-atoll.com\/#website","url":"https:\/\/cls.bacasable-atoll.com\/","name":"Clogicservices","description":"Sublimation Laser &amp; Cryog\u00e9nisation","publisher":{"@id":"https:\/\/cls.bacasable-atoll.com\/#organization"},"potentialAction":[{"@type":"SearchAction","target":{"@type":"EntryPoint","urlTemplate":"https:\/\/cls.bacasable-atoll.com\/?s={search_term_string}"},"query-input":"required name=search_term_string"}],"inLanguage":"fr-FR"},{"@type":"Organization","@id":"https:\/\/cls.bacasable-atoll.com\/#organization","name":"C Logic Services","alternateName":"CLS France","url":"https:\/\/cls.bacasable-atoll.com\/","logo":{"@type":"ImageObject","inLanguage":"fr-FR","@id":"https:\/\/cls.bacasable-atoll.com\/#\/schema\/logo\/image\/","url":"https:\/\/cls.bacasable-atoll.com\/wp-content\/uploads\/2023\/05\/logo-cls-NOIR.png","contentUrl":"https:\/\/cls.bacasable-atoll.com\/wp-content\/uploads\/2023\/05\/logo-cls-NOIR.png","width":5253,"height":2118,"caption":"C Logic Services"},"image":{"@id":"https:\/\/cls.bacasable-atoll.com\/#\/schema\/logo\/image\/"}}]}},"_links":{"self":[{"href":"https:\/\/cls.bacasable-atoll.com\/index.php\/wp-json\/wp\/v2\/pages\/60"}],"collection":[{"href":"https:\/\/cls.bacasable-atoll.com\/index.php\/wp-json\/wp\/v2\/pages"}],"about":[{"href":"https:\/\/cls.bacasable-atoll.com\/index.php\/wp-json\/wp\/v2\/types\/page"}],"author":[{"embeddable":true,"href":"https:\/\/cls.bacasable-atoll.com\/index.php\/wp-json\/wp\/v2\/users\/1"}],"replies":[{"embeddable":true,"href":"https:\/\/cls.bacasable-atoll.com\/index.php\/wp-json\/wp\/v2\/comments?post=60"}],"version-history":[{"count":19,"href":"https:\/\/cls.bacasable-atoll.com\/index.php\/wp-json\/wp\/v2\/pages\/60\/revisions"}],"predecessor-version":[{"id":1402,"href":"https:\/\/cls.bacasable-atoll.com\/index.php\/wp-json\/wp\/v2\/pages\/60\/revisions\/1402"}],"wp:attachment":[{"href":"https:\/\/cls.bacasable-atoll.com\/index.php\/wp-json\/wp\/v2\/media?parent=60"}],"curies":[{"name":"wp","href":"https:\/\/api.w.org\/{rel}","templated":true}]}}