{"id":62,"date":"2023-05-15T09:47:03","date_gmt":"2023-05-15T09:47:03","guid":{"rendered":"https:\/\/cls.bacasable-atoll.com\/?page_id=62"},"modified":"2023-09-06T13:21:52","modified_gmt":"2023-09-06T13:21:52","slug":"revendeur","status":"publish","type":"page","link":"https:\/\/cls.bacasable-atoll.com\/index.php\/revendeur\/","title":{"rendered":"Revendeur"},"content":{"rendered":"\t\t<div data-elementor-type=\"wp-page\" data-elementor-id=\"62\" class=\"elementor elementor-62\" data-elementor-post-type=\"page\">\n\t\t\t\t\t\t\t<div class=\"elementor-element elementor-element-29240f6 e-flex e-con-boxed e-con e-parent\" data-id=\"29240f6\" data-element_type=\"container\" data-settings=\"{&quot;background_background&quot;:&quot;classic&quot;,&quot;content_width&quot;:&quot;boxed&quot;}\" data-core-v316-plus=\"true\">\n\t\t\t\t\t<div class=\"e-con-inner\">\n\t\t\t\t<div class=\"elementor-element elementor-element-5855d1e elementor-widget elementor-widget-image\" data-id=\"5855d1e\" data-element_type=\"widget\" data-widget_type=\"image.default\">\n\t\t\t\t<div class=\"elementor-widget-container\">\n\t\t\t<style>\/*! elementor - v3.16.0 - 20-09-2023 *\/\n.elementor-widget-image{text-align:center}.elementor-widget-image a{display:inline-block}.elementor-widget-image a img[src$=\".svg\"]{width:48px}.elementor-widget-image img{vertical-align:middle;display:inline-block}<\/style>\t\t\t\t\t\t\t\t\t\t\t\t<img decoding=\"async\" loading=\"lazy\" width=\"800\" height=\"800\" src=\"https:\/\/cls.bacasable-atoll.com\/wp-content\/uploads\/2023\/07\/logo-cls-couleur-blanc.svg\" class=\"attachment-large size-large wp-image-1161\" alt=\"\" \/>\t\t\t\t\t\t\t\t\t\t\t\t\t\t\t<\/div>\n\t\t\t\t<\/div>\n\t\t\t\t<div class=\"elementor-element elementor-element-9e44906 elementor-widget elementor-widget-heading\" data-id=\"9e44906\" data-element_type=\"widget\" data-widget_type=\"heading.default\">\n\t\t\t\t<div class=\"elementor-widget-container\">\n\t\t\t<style>\/*! elementor - v3.16.0 - 20-09-2023 *\/\n.elementor-heading-title{padding:0;margin:0;line-height:1}.elementor-widget-heading .elementor-heading-title[class*=elementor-size-]>a{color:inherit;font-size:inherit;line-height:inherit}.elementor-widget-heading .elementor-heading-title.elementor-size-small{font-size:15px}.elementor-widget-heading .elementor-heading-title.elementor-size-medium{font-size:19px}.elementor-widget-heading .elementor-heading-title.elementor-size-large{font-size:29px}.elementor-widget-heading .elementor-heading-title.elementor-size-xl{font-size:39px}.elementor-widget-heading .elementor-heading-title.elementor-size-xxl{font-size:59px}<\/style><h2 class=\"elementor-heading-title elementor-size-default\">Revendeur ICEsonic via le r\u00e9seau GLNC en Occitanie : <br>\nSublimation par cryog\u00e9nie<\/h2>\t\t<\/div>\n\t\t\t\t<\/div>\n\t\t\t\t<div class=\"elementor-element elementor-element-3dff7d8 elementor-widget elementor-widget-text-editor\" data-id=\"3dff7d8\" data-element_type=\"widget\" data-widget_type=\"text-editor.default\">\n\t\t\t\t<div class=\"elementor-widget-container\">\n\t\t\t<style>\/*! elementor - v3.16.0 - 20-09-2023 *\/\n.elementor-widget-text-editor.elementor-drop-cap-view-stacked .elementor-drop-cap{background-color:#69727d;color:#fff}.elementor-widget-text-editor.elementor-drop-cap-view-framed .elementor-drop-cap{color:#69727d;border:3px solid;background-color:transparent}.elementor-widget-text-editor:not(.elementor-drop-cap-view-default) .elementor-drop-cap{margin-top:8px}.elementor-widget-text-editor:not(.elementor-drop-cap-view-default) .elementor-drop-cap-letter{width:1em;height:1em}.elementor-widget-text-editor .elementor-drop-cap{float:left;text-align:center;line-height:1;font-size:50px}.elementor-widget-text-editor .elementor-drop-cap-letter{display:inline-block}<\/style>\t\t\t\t<p>D\u00e9couvrez la puissance du nettoyage cryog\u00e9nique, <br \/>une technologie reconnue pour son efficacit\u00e9 in\u00e9gal\u00e9e.<\/p>\t\t\t\t\t\t<\/div>\n\t\t\t\t<\/div>\n\t\t\t\t\t<\/div>\n\t\t\t\t<\/div>\n\t\t<div class=\"elementor-element elementor-element-c81d6bd e-flex e-con-boxed e-con e-parent\" data-id=\"c81d6bd\" data-element_type=\"container\" data-settings=\"{&quot;background_background&quot;:&quot;classic&quot;,&quot;content_width&quot;:&quot;boxed&quot;}\" data-core-v316-plus=\"true\">\n\t\t\t\t\t<div class=\"e-con-inner\">\n\t\t<div class=\"elementor-element elementor-element-164da09 e-con-full e-flex e-con e-parent\" data-id=\"164da09\" data-element_type=\"container\" data-settings=\"{&quot;content_width&quot;:&quot;full&quot;}\" data-core-v316-plus=\"true\">\n\t\t\t\t<div class=\"elementor-element elementor-element-d5b6298 elementor-widget elementor-widget-heading\" data-id=\"d5b6298\" data-element_type=\"widget\" data-widget_type=\"heading.default\">\n\t\t\t\t<div class=\"elementor-widget-container\">\n\t\t\t<h2 class=\"elementor-heading-title elementor-size-default\">ICEsonic<\/h2>\t\t<\/div>\n\t\t\t\t<\/div>\n\t\t\t\t<div class=\"elementor-element elementor-element-da0d8cf elementor-widget elementor-widget-heading\" data-id=\"da0d8cf\" data-element_type=\"widget\" data-widget_type=\"heading.default\">\n\t\t\t\t<div class=\"elementor-widget-container\">\n\t\t\t<h2 class=\"elementor-heading-title elementor-size-default\">Qui est-ce ?<\/h2>\t\t<\/div>\n\t\t\t\t<\/div>\n\t\t\t\t<div class=\"elementor-element elementor-element-f765b9e elementor-widget elementor-widget-text-editor\" data-id=\"f765b9e\" data-element_type=\"widget\" data-widget_type=\"text-editor.default\">\n\t\t\t\t<div class=\"elementor-widget-container\">\n\t\t\t\t\t\t\t<p>ICEsonic est une entreprise croate, bas\u00e9e \u00e0 Nova Gradi\u0161ka, fond\u00e9e en 2000, sp\u00e9cialis\u00e9e dans les \u00e9quipements de projection de glace carbonique.\u00a0<br \/>Avec plus de 20 ans d&rsquo;exp\u00e9rience, ICEsonic offre une solution unique et rentable pour la technologie de nettoyage et de r\u00e9novation. Les syst\u00e8mes de nettoyage cryog\u00e9nique ICEsonic sont reconnus mondialement, gr\u00e2ce \u00e0 leur conception innovante accept\u00e9e rapidement par les industries.<br \/>L&rsquo;usine sophistiqu\u00e9e utilise les derni\u00e8res technologies, tandis que l&rsquo;\u00e9quipe d&rsquo;ing\u00e9nieurs collabore avec les distributeurs et clients pour d\u00e9velopper des produits am\u00e9lior\u00e9s. ICEsonic suit un protocole fixe pour chaque projet, assurant un service int\u00e8gre et honn\u00eate.<\/p>\t\t\t\t\t\t<\/div>\n\t\t\t\t<\/div>\n\t\t\t\t<\/div>\n\t\t<div class=\"elementor-element elementor-element-2637a1f e-con-full e-flex e-con e-parent\" data-id=\"2637a1f\" data-element_type=\"container\" data-settings=\"{&quot;content_width&quot;:&quot;full&quot;}\" data-core-v316-plus=\"true\">\n\t\t\t\t<div class=\"elementor-element elementor-element-f60968d elementor-widget elementor-widget-image\" data-id=\"f60968d\" data-element_type=\"widget\" data-widget_type=\"image.default\">\n\t\t\t\t<div class=\"elementor-widget-container\">\n\t\t\t\t\t\t\t\t\t\t\t\t\t\t\t\t<a href=\"https:\/\/icesonic.com\/\">\n\t\t\t\t\t\t\t<img decoding=\"async\" loading=\"lazy\" width=\"800\" height=\"800\" src=\"https:\/\/cls.bacasable-atoll.com\/wp-content\/uploads\/2023\/05\/icesonic_logo.svg\" class=\"attachment-large size-large wp-image-154\" alt=\"\" \/>\t\t\t\t\t\t\t\t<\/a>\n\t\t\t\t\t\t\t\t\t\t\t\t\t\t\t<\/div>\n\t\t\t\t<\/div>\n\t\t\t\t<\/div>\n\t\t\t\t\t<\/div>\n\t\t\t\t<\/div>\n\t\t<div class=\"elementor-element elementor-element-65b8f6d e-con-full e-flex e-con e-parent\" data-id=\"65b8f6d\" data-element_type=\"container\" data-settings=\"{&quot;content_width&quot;:&quot;full&quot;}\" data-core-v316-plus=\"true\">\n\t\t<div class=\"elementor-element elementor-element-4ceb773 e-con-full e-flex e-con e-parent\" data-id=\"4ceb773\" data-element_type=\"container\" data-settings=\"{&quot;content_width&quot;:&quot;full&quot;}\" data-core-v316-plus=\"true\">\n\t\t\t\t<div class=\"elementor-element elementor-element-6f356df elementor-widget elementor-widget-image\" data-id=\"6f356df\" data-element_type=\"widget\" data-widget_type=\"image.default\">\n\t\t\t\t<div class=\"elementor-widget-container\">\n\t\t\t\t\t\t\t\t\t\t\t\t\t\t\t<img decoding=\"async\" loading=\"lazy\" width=\"800\" height=\"800\" src=\"https:\/\/cls.bacasable-atoll.com\/wp-content\/uploads\/2023\/05\/SMART-IND-Angled-Front-1024x1024.jpg\" class=\"attachment-large size-large wp-image-761\" alt=\"\" srcset=\"https:\/\/cls.bacasable-atoll.com\/wp-content\/uploads\/2023\/05\/SMART-IND-Angled-Front-1024x1024.jpg 1024w, https:\/\/cls.bacasable-atoll.com\/wp-content\/uploads\/2023\/05\/SMART-IND-Angled-Front-300x300.jpg 300w, https:\/\/cls.bacasable-atoll.com\/wp-content\/uploads\/2023\/05\/SMART-IND-Angled-Front-150x150.jpg 150w, https:\/\/cls.bacasable-atoll.com\/wp-content\/uploads\/2023\/05\/SMART-IND-Angled-Front-768x768.jpg 768w, https:\/\/cls.bacasable-atoll.com\/wp-content\/uploads\/2023\/05\/SMART-IND-Angled-Front-650x650.jpg 650w, https:\/\/cls.bacasable-atoll.com\/wp-content\/uploads\/2023\/05\/SMART-IND-Angled-Front.jpg 1052w\" sizes=\"(max-width: 800px) 100vw, 800px\" \/>\t\t\t\t\t\t\t\t\t\t\t\t\t\t\t<\/div>\n\t\t\t\t<\/div>\n\t\t\t\t<\/div>\n\t\t<div class=\"elementor-element elementor-element-8d46774 e-con-full e-flex e-con e-parent\" data-id=\"8d46774\" data-element_type=\"container\" data-settings=\"{&quot;content_width&quot;:&quot;full&quot;}\" data-core-v316-plus=\"true\">\n\t\t\t\t<div class=\"elementor-element elementor-element-94ac42c elementor-widget elementor-widget-image\" data-id=\"94ac42c\" data-element_type=\"widget\" data-widget_type=\"image.default\">\n\t\t\t\t<div class=\"elementor-widget-container\">\n\t\t\t\t\t\t\t\t\t\t\t\t\t\t\t<img decoding=\"async\" loading=\"lazy\" width=\"800\" height=\"800\" src=\"https:\/\/cls.bacasable-atoll.com\/wp-content\/uploads\/2023\/05\/SMART-HD-Angled-Front-1024x1024.jpg\" class=\"attachment-large size-large wp-image-760\" alt=\"\" srcset=\"https:\/\/cls.bacasable-atoll.com\/wp-content\/uploads\/2023\/05\/SMART-HD-Angled-Front-1024x1024.jpg 1024w, https:\/\/cls.bacasable-atoll.com\/wp-content\/uploads\/2023\/05\/SMART-HD-Angled-Front-300x300.jpg 300w, https:\/\/cls.bacasable-atoll.com\/wp-content\/uploads\/2023\/05\/SMART-HD-Angled-Front-150x150.jpg 150w, https:\/\/cls.bacasable-atoll.com\/wp-content\/uploads\/2023\/05\/SMART-HD-Angled-Front-768x768.jpg 768w, https:\/\/cls.bacasable-atoll.com\/wp-content\/uploads\/2023\/05\/SMART-HD-Angled-Front-650x650.jpg 650w, https:\/\/cls.bacasable-atoll.com\/wp-content\/uploads\/2023\/05\/SMART-HD-Angled-Front.jpg 1052w\" sizes=\"(max-width: 800px) 100vw, 800px\" \/>\t\t\t\t\t\t\t\t\t\t\t\t\t\t\t<\/div>\n\t\t\t\t<\/div>\n\t\t\t\t<\/div>\n\t\t<div class=\"elementor-element elementor-element-547a272 e-con-full e-flex e-con e-parent\" data-id=\"547a272\" data-element_type=\"container\" data-settings=\"{&quot;content_width&quot;:&quot;full&quot;,&quot;background_background&quot;:&quot;classic&quot;}\" data-core-v316-plus=\"true\">\n\t\t\t\t<div class=\"elementor-element elementor-element-7cbf583 elementor-widget elementor-widget-heading\" data-id=\"7cbf583\" data-element_type=\"widget\" data-widget_type=\"heading.default\">\n\t\t\t\t<div class=\"elementor-widget-container\">\n\t\t\t<h2 class=\"elementor-heading-title elementor-size-default\">\u00c9quipez-vous avec ICEsonic : La r\u00e9f\u00e9rence en mati\u00e8re d'\u00e9quipement de nettoyage cryog\u00e9nique\n<\/h2>\t\t<\/div>\n\t\t\t\t<\/div>\n\t\t\t\t<div class=\"elementor-element elementor-element-3a34de3 elementor-widget elementor-widget-text-editor\" data-id=\"3a34de3\" data-element_type=\"widget\" data-widget_type=\"text-editor.default\">\n\t\t\t\t<div class=\"elementor-widget-container\">\n\t\t\t\t\t\t\t<p>Maximisez l&rsquo;efficacit\u00e9 de votre entreprise. Contactez-nous d\u00e8s aujourd&rsquo;hui !<\/p><p>\u00a0<\/p>\t\t\t\t\t\t<\/div>\n\t\t\t\t<\/div>\n\t\t\t\t<div class=\"elementor-element elementor-element-7ad0b23 elementor-widget elementor-widget-premium-addon-button\" data-id=\"7ad0b23\" data-element_type=\"widget\" data-widget_type=\"premium-addon-button.default\">\n\t\t\t\t<div class=\"elementor-widget-container\">\n\t\t\t\r\n\r\n\t\t<a class=\"premium-button premium-button-none premium-btn-lg premium-button-none\" href=\"https:\/\/cls.bacasable-atoll.com\/index.php\/contact\/\">\r\n\t\t\t<div class=\"premium-button-text-icon-wrapper\">\r\n\t\t\t\t\t\t\t\t<span >\r\n\t\t\t\t\tNOUS CONTACTER\t\t\t\t<\/span>\r\n\t\t\t\t\t\t\t<\/div>\r\n\t\t\t\t\t\t\t\t<\/a>\r\n\r\n\r\n\t\t\t\t<\/div>\n\t\t\t\t<\/div>\n\t\t\t\t<\/div>\n\t\t<div class=\"elementor-element elementor-element-16d3679 e-con-full e-flex e-con e-parent\" data-id=\"16d3679\" data-element_type=\"container\" data-settings=\"{&quot;content_width&quot;:&quot;full&quot;}\" data-core-v316-plus=\"true\">\n\t\t\t\t<div class=\"elementor-element elementor-element-f0b3663 elementor-widget elementor-widget-image\" data-id=\"f0b3663\" data-element_type=\"widget\" data-widget_type=\"image.default\">\n\t\t\t\t<div class=\"elementor-widget-container\">\n\t\t\t\t\t\t\t\t\t\t\t\t\t\t\t<img decoding=\"async\" loading=\"lazy\" width=\"800\" height=\"800\" src=\"https:\/\/cls.bacasable-atoll.com\/wp-content\/uploads\/2023\/05\/SMART-PRO-Angled-Front-1024x1024.jpg\" class=\"attachment-large size-large wp-image-759\" alt=\"\" srcset=\"https:\/\/cls.bacasable-atoll.com\/wp-content\/uploads\/2023\/05\/SMART-PRO-Angled-Front-1024x1024.jpg 1024w, https:\/\/cls.bacasable-atoll.com\/wp-content\/uploads\/2023\/05\/SMART-PRO-Angled-Front-300x300.jpg 300w, https:\/\/cls.bacasable-atoll.com\/wp-content\/uploads\/2023\/05\/SMART-PRO-Angled-Front-150x150.jpg 150w, https:\/\/cls.bacasable-atoll.com\/wp-content\/uploads\/2023\/05\/SMART-PRO-Angled-Front-768x768.jpg 768w, https:\/\/cls.bacasable-atoll.com\/wp-content\/uploads\/2023\/05\/SMART-PRO-Angled-Front-650x650.jpg 650w, https:\/\/cls.bacasable-atoll.com\/wp-content\/uploads\/2023\/05\/SMART-PRO-Angled-Front.jpg 1052w\" sizes=\"(max-width: 800px) 100vw, 800px\" \/>\t\t\t\t\t\t\t\t\t\t\t\t\t\t\t<\/div>\n\t\t\t\t<\/div>\n\t\t\t\t<\/div>\n\t\t\t\t<\/div>\n\t\t\t\t\t\t\t<\/div>\n\t\t","protected":false},"excerpt":{"rendered":"<p>Revendeur ICEsonic via le r\u00e9seau GLNC en Occitanie : Sublimation par cryog\u00e9nie D\u00e9couvrez la puissance du nettoyage cryog\u00e9nique, une technologie reconnue pour son efficacit\u00e9 in\u00e9gal\u00e9e. ICEsonic Qui est-ce ? ICEsonic est une entreprise croate, bas\u00e9e \u00e0 Nova Gradi\u0161ka, fond\u00e9e en 2000, sp\u00e9cialis\u00e9e dans les \u00e9quipements de projection de glace carbonique.\u00a0Avec plus de 20 ans d&rsquo;exp\u00e9rience, [&hellip;]<\/p>\n","protected":false},"author":1,"featured_media":0,"parent":0,"menu_order":0,"comment_status":"closed","ping_status":"closed","template":"","meta":{"inline_featured_image":false,"footnotes":""},"yoast_head":"<!-- This site is optimized with the Yoast SEO plugin v21.3 - https:\/\/yoast.com\/wordpress\/plugins\/seo\/ -->\n<title>Revendeur - Clogicservices<\/title>\n<meta name=\"robots\" content=\"noindex, follow, max-snippet:-1, max-image-preview:large, max-video-preview:-1\" \/>\n<meta property=\"og:locale\" content=\"fr_FR\" \/>\n<meta property=\"og:type\" content=\"article\" \/>\n<meta property=\"og:title\" content=\"Revendeur - Clogicservices\" \/>\n<meta property=\"og:description\" content=\"Revendeur ICEsonic via le r\u00e9seau GLNC en Occitanie : Sublimation par cryog\u00e9nie D\u00e9couvrez la puissance du nettoyage cryog\u00e9nique, une technologie reconnue pour son efficacit\u00e9 in\u00e9gal\u00e9e. ICEsonic Qui est-ce ? ICEsonic est une entreprise croate, bas\u00e9e \u00e0 Nova Gradi\u0161ka, fond\u00e9e en 2000, sp\u00e9cialis\u00e9e dans les \u00e9quipements de projection de glace carbonique.\u00a0Avec plus de 20 ans d&rsquo;exp\u00e9rience, [&hellip;]\" \/>\n<meta property=\"og:url\" content=\"https:\/\/cls.bacasable-atoll.com\/index.php\/revendeur\/\" \/>\n<meta property=\"og:site_name\" content=\"Clogicservices\" \/>\n<meta property=\"article:modified_time\" content=\"2023-09-06T13:21:52+00:00\" \/>\n<meta property=\"og:image\" content=\"http:\/\/cls.bacasable-atoll.com\/wp-content\/uploads\/2023\/07\/logo-cls-couleur-blanc.svg\" \/>\n<meta name=\"twitter:card\" content=\"summary_large_image\" \/>\n<meta name=\"twitter:label1\" content=\"Dur\u00e9e de lecture estim\u00e9e\" \/>\n\t<meta name=\"twitter:data1\" content=\"2 minutes\" \/>\n<script type=\"application\/ld+json\" class=\"yoast-schema-graph\">{\"@context\":\"https:\/\/schema.org\",\"@graph\":[{\"@type\":\"WebPage\",\"@id\":\"https:\/\/cls.bacasable-atoll.com\/index.php\/revendeur\/\",\"url\":\"https:\/\/cls.bacasable-atoll.com\/index.php\/revendeur\/\",\"name\":\"Revendeur - Clogicservices\",\"isPartOf\":{\"@id\":\"https:\/\/cls.bacasable-atoll.com\/#website\"},\"datePublished\":\"2023-05-15T09:47:03+00:00\",\"dateModified\":\"2023-09-06T13:21:52+00:00\",\"breadcrumb\":{\"@id\":\"https:\/\/cls.bacasable-atoll.com\/index.php\/revendeur\/#breadcrumb\"},\"inLanguage\":\"fr-FR\",\"potentialAction\":[{\"@type\":\"ReadAction\",\"target\":[\"https:\/\/cls.bacasable-atoll.com\/index.php\/revendeur\/\"]}]},{\"@type\":\"BreadcrumbList\",\"@id\":\"https:\/\/cls.bacasable-atoll.com\/index.php\/revendeur\/#breadcrumb\",\"itemListElement\":[{\"@type\":\"ListItem\",\"position\":1,\"name\":\"Accueil\",\"item\":\"https:\/\/cls.bacasable-atoll.com\/\"},{\"@type\":\"ListItem\",\"position\":2,\"name\":\"Revendeur\"}]},{\"@type\":\"WebSite\",\"@id\":\"https:\/\/cls.bacasable-atoll.com\/#website\",\"url\":\"https:\/\/cls.bacasable-atoll.com\/\",\"name\":\"Clogicservices\",\"description\":\"Sublimation Laser &amp; Cryog\u00e9nisation\",\"publisher\":{\"@id\":\"https:\/\/cls.bacasable-atoll.com\/#organization\"},\"potentialAction\":[{\"@type\":\"SearchAction\",\"target\":{\"@type\":\"EntryPoint\",\"urlTemplate\":\"https:\/\/cls.bacasable-atoll.com\/?s={search_term_string}\"},\"query-input\":\"required name=search_term_string\"}],\"inLanguage\":\"fr-FR\"},{\"@type\":\"Organization\",\"@id\":\"https:\/\/cls.bacasable-atoll.com\/#organization\",\"name\":\"C Logic Services\",\"alternateName\":\"CLS France\",\"url\":\"https:\/\/cls.bacasable-atoll.com\/\",\"logo\":{\"@type\":\"ImageObject\",\"inLanguage\":\"fr-FR\",\"@id\":\"https:\/\/cls.bacasable-atoll.com\/#\/schema\/logo\/image\/\",\"url\":\"https:\/\/cls.bacasable-atoll.com\/wp-content\/uploads\/2023\/05\/logo-cls-NOIR.png\",\"contentUrl\":\"https:\/\/cls.bacasable-atoll.com\/wp-content\/uploads\/2023\/05\/logo-cls-NOIR.png\",\"width\":5253,\"height\":2118,\"caption\":\"C Logic Services\"},\"image\":{\"@id\":\"https:\/\/cls.bacasable-atoll.com\/#\/schema\/logo\/image\/\"}}]}<\/script>\n<!-- \/ Yoast SEO plugin. -->","yoast_head_json":{"title":"Revendeur - Clogicservices","robots":{"index":"noindex","follow":"follow","max-snippet":"max-snippet:-1","max-image-preview":"max-image-preview:large","max-video-preview":"max-video-preview:-1"},"og_locale":"fr_FR","og_type":"article","og_title":"Revendeur - Clogicservices","og_description":"Revendeur ICEsonic via le r\u00e9seau GLNC en Occitanie : Sublimation par cryog\u00e9nie D\u00e9couvrez la puissance du nettoyage cryog\u00e9nique, une technologie reconnue pour son efficacit\u00e9 in\u00e9gal\u00e9e. ICEsonic Qui est-ce ? ICEsonic est une entreprise croate, bas\u00e9e \u00e0 Nova Gradi\u0161ka, fond\u00e9e en 2000, sp\u00e9cialis\u00e9e dans les \u00e9quipements de projection de glace carbonique.\u00a0Avec plus de 20 ans d&rsquo;exp\u00e9rience, [&hellip;]","og_url":"https:\/\/cls.bacasable-atoll.com\/index.php\/revendeur\/","og_site_name":"Clogicservices","article_modified_time":"2023-09-06T13:21:52+00:00","og_image":[{"url":"http:\/\/cls.bacasable-atoll.com\/wp-content\/uploads\/2023\/07\/logo-cls-couleur-blanc.svg"}],"twitter_card":"summary_large_image","twitter_misc":{"Dur\u00e9e de lecture estim\u00e9e":"2 minutes"},"schema":{"@context":"https:\/\/schema.org","@graph":[{"@type":"WebPage","@id":"https:\/\/cls.bacasable-atoll.com\/index.php\/revendeur\/","url":"https:\/\/cls.bacasable-atoll.com\/index.php\/revendeur\/","name":"Revendeur - Clogicservices","isPartOf":{"@id":"https:\/\/cls.bacasable-atoll.com\/#website"},"datePublished":"2023-05-15T09:47:03+00:00","dateModified":"2023-09-06T13:21:52+00:00","breadcrumb":{"@id":"https:\/\/cls.bacasable-atoll.com\/index.php\/revendeur\/#breadcrumb"},"inLanguage":"fr-FR","potentialAction":[{"@type":"ReadAction","target":["https:\/\/cls.bacasable-atoll.com\/index.php\/revendeur\/"]}]},{"@type":"BreadcrumbList","@id":"https:\/\/cls.bacasable-atoll.com\/index.php\/revendeur\/#breadcrumb","itemListElement":[{"@type":"ListItem","position":1,"name":"Accueil","item":"https:\/\/cls.bacasable-atoll.com\/"},{"@type":"ListItem","position":2,"name":"Revendeur"}]},{"@type":"WebSite","@id":"https:\/\/cls.bacasable-atoll.com\/#website","url":"https:\/\/cls.bacasable-atoll.com\/","name":"Clogicservices","description":"Sublimation Laser &amp; Cryog\u00e9nisation","publisher":{"@id":"https:\/\/cls.bacasable-atoll.com\/#organization"},"potentialAction":[{"@type":"SearchAction","target":{"@type":"EntryPoint","urlTemplate":"https:\/\/cls.bacasable-atoll.com\/?s={search_term_string}"},"query-input":"required name=search_term_string"}],"inLanguage":"fr-FR"},{"@type":"Organization","@id":"https:\/\/cls.bacasable-atoll.com\/#organization","name":"C Logic Services","alternateName":"CLS France","url":"https:\/\/cls.bacasable-atoll.com\/","logo":{"@type":"ImageObject","inLanguage":"fr-FR","@id":"https:\/\/cls.bacasable-atoll.com\/#\/schema\/logo\/image\/","url":"https:\/\/cls.bacasable-atoll.com\/wp-content\/uploads\/2023\/05\/logo-cls-NOIR.png","contentUrl":"https:\/\/cls.bacasable-atoll.com\/wp-content\/uploads\/2023\/05\/logo-cls-NOIR.png","width":5253,"height":2118,"caption":"C Logic Services"},"image":{"@id":"https:\/\/cls.bacasable-atoll.com\/#\/schema\/logo\/image\/"}}]}},"_links":{"self":[{"href":"https:\/\/cls.bacasable-atoll.com\/index.php\/wp-json\/wp\/v2\/pages\/62"}],"collection":[{"href":"https:\/\/cls.bacasable-atoll.com\/index.php\/wp-json\/wp\/v2\/pages"}],"about":[{"href":"https:\/\/cls.bacasable-atoll.com\/index.php\/wp-json\/wp\/v2\/types\/page"}],"author":[{"embeddable":true,"href":"https:\/\/cls.bacasable-atoll.com\/index.php\/wp-json\/wp\/v2\/users\/1"}],"replies":[{"embeddable":true,"href":"https:\/\/cls.bacasable-atoll.com\/index.php\/wp-json\/wp\/v2\/comments?post=62"}],"version-history":[{"count":24,"href":"https:\/\/cls.bacasable-atoll.com\/index.php\/wp-json\/wp\/v2\/pages\/62\/revisions"}],"predecessor-version":[{"id":1349,"href":"https:\/\/cls.bacasable-atoll.com\/index.php\/wp-json\/wp\/v2\/pages\/62\/revisions\/1349"}],"wp:attachment":[{"href":"https:\/\/cls.bacasable-atoll.com\/index.php\/wp-json\/wp\/v2\/media?parent=62"}],"curies":[{"name":"wp","href":"https:\/\/api.w.org\/{rel}","templated":true}]}}