{"id":68,"date":"2023-05-15T09:47:44","date_gmt":"2023-05-15T09:47:44","guid":{"rendered":"https:\/\/cls.bacasable-atoll.com\/?page_id=68"},"modified":"2023-09-06T13:13:40","modified_gmt":"2023-09-06T13:13:40","slug":"faq","status":"publish","type":"page","link":"https:\/\/cls.bacasable-atoll.com\/index.php\/faq\/","title":{"rendered":"FAQ"},"content":{"rendered":"\t\t<div data-elementor-type=\"wp-page\" data-elementor-id=\"68\" class=\"elementor elementor-68\" data-elementor-post-type=\"page\">\n\t\t\t\t\t\t\t<div class=\"elementor-element elementor-element-6a08319 e-flex e-con-boxed e-con e-parent\" data-id=\"6a08319\" data-element_type=\"container\" data-settings=\"{&quot;content_width&quot;:&quot;boxed&quot;}\" data-core-v316-plus=\"true\">\n\t\t\t\t\t<div class=\"e-con-inner\">\n\t\t\t\t<div class=\"elementor-element elementor-element-bd9a133 elementor-widget elementor-widget-spacer\" data-id=\"bd9a133\" data-element_type=\"widget\" data-widget_type=\"spacer.default\">\n\t\t\t\t<div class=\"elementor-widget-container\">\n\t\t\t<style>\/*! elementor - v3.16.0 - 20-09-2023 *\/\n.elementor-column .elementor-spacer-inner{height:var(--spacer-size)}.e-con{--container-widget-width:100%}.e-con-inner>.elementor-widget-spacer,.e-con>.elementor-widget-spacer{width:var(--container-widget-width,var(--spacer-size));--align-self:var(--container-widget-align-self,initial);--flex-shrink:0}.e-con-inner>.elementor-widget-spacer>.elementor-widget-container,.e-con>.elementor-widget-spacer>.elementor-widget-container{height:100%;width:100%}.e-con-inner>.elementor-widget-spacer>.elementor-widget-container>.elementor-spacer,.e-con>.elementor-widget-spacer>.elementor-widget-container>.elementor-spacer{height:100%}.e-con-inner>.elementor-widget-spacer>.elementor-widget-container>.elementor-spacer>.elementor-spacer-inner,.e-con>.elementor-widget-spacer>.elementor-widget-container>.elementor-spacer>.elementor-spacer-inner{height:var(--container-widget-height,var(--spacer-size))}.e-con-inner>.elementor-widget-spacer.elementor-widget-empty,.e-con>.elementor-widget-spacer.elementor-widget-empty{position:relative;min-height:22px;min-width:22px}.e-con-inner>.elementor-widget-spacer.elementor-widget-empty .elementor-widget-empty-icon,.e-con>.elementor-widget-spacer.elementor-widget-empty .elementor-widget-empty-icon{position:absolute;top:0;bottom:0;left:0;right:0;margin:auto;padding:0;width:22px;height:22px}<\/style>\t\t<div class=\"elementor-spacer\">\n\t\t\t<div class=\"elementor-spacer-inner\"><\/div>\n\t\t<\/div>\n\t\t\t\t<\/div>\n\t\t\t\t<\/div>\n\t\t\t\t<div class=\"elementor-element elementor-element-2f8768f elementor-widget elementor-widget-heading\" data-id=\"2f8768f\" data-element_type=\"widget\" data-widget_type=\"heading.default\">\n\t\t\t\t<div class=\"elementor-widget-container\">\n\t\t\t<style>\/*! elementor - v3.16.0 - 20-09-2023 *\/\n.elementor-heading-title{padding:0;margin:0;line-height:1}.elementor-widget-heading .elementor-heading-title[class*=elementor-size-]>a{color:inherit;font-size:inherit;line-height:inherit}.elementor-widget-heading .elementor-heading-title.elementor-size-small{font-size:15px}.elementor-widget-heading .elementor-heading-title.elementor-size-medium{font-size:19px}.elementor-widget-heading .elementor-heading-title.elementor-size-large{font-size:29px}.elementor-widget-heading .elementor-heading-title.elementor-size-xl{font-size:39px}.elementor-widget-heading .elementor-heading-title.elementor-size-xxl{font-size:59px}<\/style><h2 class=\"elementor-heading-title elementor-size-default\">Foire aux questions<\/h2>\t\t<\/div>\n\t\t\t\t<\/div>\n\t\t\t\t<div class=\"elementor-element elementor-element-6a465a2 elementor-widget elementor-widget-text-editor\" data-id=\"6a465a2\" data-element_type=\"widget\" data-widget_type=\"text-editor.default\">\n\t\t\t\t<div class=\"elementor-widget-container\">\n\t\t\t<style>\/*! elementor - v3.16.0 - 20-09-2023 *\/\n.elementor-widget-text-editor.elementor-drop-cap-view-stacked .elementor-drop-cap{background-color:#69727d;color:#fff}.elementor-widget-text-editor.elementor-drop-cap-view-framed .elementor-drop-cap{color:#69727d;border:3px solid;background-color:transparent}.elementor-widget-text-editor:not(.elementor-drop-cap-view-default) .elementor-drop-cap{margin-top:8px}.elementor-widget-text-editor:not(.elementor-drop-cap-view-default) .elementor-drop-cap-letter{width:1em;height:1em}.elementor-widget-text-editor .elementor-drop-cap{float:left;text-align:center;line-height:1;font-size:50px}.elementor-widget-text-editor .elementor-drop-cap-letter{display:inline-block}<\/style>\t\t\t\tAu plus proche de vos interrogations.\t\t\t\t\t\t<\/div>\n\t\t\t\t<\/div>\n\t\t\t\t\t<\/div>\n\t\t\t\t<\/div>\n\t\t<div class=\"elementor-element elementor-element-99985d3 e-flex e-con-boxed e-con e-parent\" data-id=\"99985d3\" data-element_type=\"container\" data-settings=\"{&quot;content_width&quot;:&quot;boxed&quot;}\" data-core-v316-plus=\"true\">\n\t\t\t\t\t<div class=\"e-con-inner\">\n\t\t\t\t<div class=\"elementor-element elementor-element-54e5218 elementor-widget elementor-widget-qi_addons_for_elementor_accordion\" data-id=\"54e5218\" data-element_type=\"widget\" data-widget_type=\"qi_addons_for_elementor_accordion.default\">\n\t\t\t\t<div class=\"elementor-widget-container\">\n\t\t\t<div class=\"qodef-shortcode qodef-m  qodef-qi-accordion qodef-qi-clear qodef-behavior--accordion qodef-layout--simple qodef-style--standard qodef-height--auto\">\n\t<h3 class=\"qodef-e-title-holder\">\n\t<span class=\"qodef-e-title\">La sublimation c&#039;est quoi ?<\/span>\n\t<span class=\"qodef-e-mark\">\n\t\t<span class=\"qodef-icon--plus\">\n\t\t\t\t<span class=\"qodef-e-icon\">\n\t\t<i aria-hidden=\"true\" class=\"fas fa-plus\"><\/i>\t<\/span>\n\t\t\t<\/span>\n\t\t<span class=\"qodef-icon--minus\">\n\t\t\t\t<span class=\"qodef-e-icon\">\n\t\t<i aria-hidden=\"true\" class=\"fas fa-minus\"><\/i>\t<\/span>\n\t\t\t<\/span>\n\t<\/span>\n<\/h3>\n<div class=\"qodef-e-content\">\n\t<div class=\"qodef-e-content-inner\">\n\t\t<p>Il s'agit du passage d'un corps de l'\u00e9tat solide \u00e0 l'\u00e9tat gazeux sans utiliser d'eau.<\/p>\t<\/div>\n<\/div>\n<h3 class=\"qodef-e-title-holder\">\n\t<span class=\"qodef-e-title\">La diff\u00e9rence entre la sublimation et le nettoyage?<\/span>\n\t<span class=\"qodef-e-mark\">\n\t\t<span class=\"qodef-icon--plus\">\n\t\t\t\t<span class=\"qodef-e-icon\">\n\t\t<i aria-hidden=\"true\" class=\"fas fa-plus\"><\/i>\t<\/span>\n\t\t\t<\/span>\n\t\t<span class=\"qodef-icon--minus\">\n\t\t\t\t<span class=\"qodef-e-icon\">\n\t\t<i aria-hidden=\"true\" class=\"fas fa-minus\"><\/i>\t<\/span>\n\t\t\t<\/span>\n\t<\/span>\n<\/h3>\n<div class=\"qodef-e-content\">\n\t<div class=\"qodef-e-content-inner\">\n\t\t<div class=\"u-accordion-item\"><div id=\"accordion-72f4\" class=\"u-accordion-pane u-container-style u-white u-accordion-pane-2 u-accordion-active\"><div class=\"u-container-layout u-container-layout-2\"><div class=\"fr-view u-clearfix u-rich-text u-text\"><p>La sublimation permet d'atteindre un r\u00e9sultat de meilleure qualit\u00e9 par rapport au nettoyage. C'est un d\u00e9crassage en profondeur en pr\u00e9servant l'int\u00e9grit\u00e9 structurelle.<\/p><\/div><\/div><\/div><\/div>\t<\/div>\n<\/div>\n<h3 class=\"qodef-e-title-holder\">\n\t<span class=\"qodef-e-title\">Les points forts de la sublimation ?<\/span>\n\t<span class=\"qodef-e-mark\">\n\t\t<span class=\"qodef-icon--plus\">\n\t\t\t\t<span class=\"qodef-e-icon\">\n\t\t<i aria-hidden=\"true\" class=\"fas fa-plus\"><\/i>\t<\/span>\n\t\t\t<\/span>\n\t\t<span class=\"qodef-icon--minus\">\n\t\t\t\t<span class=\"qodef-e-icon\">\n\t\t<i aria-hidden=\"true\" class=\"fas fa-minus\"><\/i>\t<\/span>\n\t\t\t<\/span>\n\t<\/span>\n<\/h3>\n<div class=\"qodef-e-content\">\n\t<div class=\"qodef-e-content-inner\">\n\t\t<ul><li><p>Pas d'utilisation d'eau<\/p><\/li><li><p>Intervention directe sur tous types de machines, les armoires \u00e9lectriques, etc...<\/p><\/li><li><p>Une seule intervention en laissant le chantier propre, sans r\u00e9sidus.<\/p><\/li><\/ul>\t<\/div>\n<\/div>\n<h3 class=\"qodef-e-title-holder\">\n\t<span class=\"qodef-e-title\">Les champs d&#039;application de la sublimation ?<\/span>\n\t<span class=\"qodef-e-mark\">\n\t\t<span class=\"qodef-icon--plus\">\n\t\t\t\t<span class=\"qodef-e-icon\">\n\t\t<i aria-hidden=\"true\" class=\"fas fa-plus\"><\/i>\t<\/span>\n\t\t\t<\/span>\n\t\t<span class=\"qodef-icon--minus\">\n\t\t\t\t<span class=\"qodef-e-icon\">\n\t\t<i aria-hidden=\"true\" class=\"fas fa-minus\"><\/i>\t<\/span>\n\t\t\t<\/span>\n\t<\/span>\n<\/h3>\n<div class=\"qodef-e-content\">\n\t<div class=\"qodef-e-content-inner\">\n\t\t<div class=\"u-accordion-item\"><div id=\"4da7\" class=\"u-accordion-pane u-container-style u-white u-accordion-pane-4 u-accordion-active\"><div class=\"u-container-layout u-container-layout-4\"><div class=\"fr-view u-clearfix u-rich-text u-text\"><p>Sans limite<\/p><\/div><\/div><\/div><\/div>\t<\/div>\n<\/div>\n<h3 class=\"qodef-e-title-holder\">\n\t<span class=\"qodef-e-title\">Les formations n\u00e9cessaires ?<\/span>\n\t<span class=\"qodef-e-mark\">\n\t\t<span class=\"qodef-icon--plus\">\n\t\t\t\t<span class=\"qodef-e-icon\">\n\t\t<i aria-hidden=\"true\" class=\"fas fa-plus\"><\/i>\t<\/span>\n\t\t\t<\/span>\n\t\t<span class=\"qodef-icon--minus\">\n\t\t\t\t<span class=\"qodef-e-icon\">\n\t\t<i aria-hidden=\"true\" class=\"fas fa-minus\"><\/i>\t<\/span>\n\t\t\t<\/span>\n\t<\/span>\n<\/h3>\n<div class=\"qodef-e-content\">\n\t<div class=\"qodef-e-content-inner\">\n\t\t<ul><li><p>Formations sp\u00e9cifiques pour le laser (dispens\u00e9es par CLS France)<\/p><\/li><li><p>Formations sp\u00e9cifiques pour la cryog\u00e9nie (dispens\u00e9es par CLS France)<\/p><\/li><\/ul>\t<\/div>\n<\/div>\n<h3 class=\"qodef-e-title-holder\">\n\t<span class=\"qodef-e-title\">Quelle est notre capacit\u00e9 d&#039;intervention ?<\/span>\n\t<span class=\"qodef-e-mark\">\n\t\t<span class=\"qodef-icon--plus\">\n\t\t\t\t<span class=\"qodef-e-icon\">\n\t\t<i aria-hidden=\"true\" class=\"fas fa-plus\"><\/i>\t<\/span>\n\t\t\t<\/span>\n\t\t<span class=\"qodef-icon--minus\">\n\t\t\t\t<span class=\"qodef-e-icon\">\n\t\t<i aria-hidden=\"true\" class=\"fas fa-minus\"><\/i>\t<\/span>\n\t\t\t<\/span>\n\t<\/span>\n<\/h3>\n<div class=\"qodef-e-content\">\n\t<div class=\"qodef-e-content-inner\">\n\t\t<p>Le groupe CLS France peut intervenir aussi bien sur des petits chantiers que des chantiers d'envergure, et ce, sur toute la France.<\/p>\t<\/div>\n<\/div>\n<\/div>\n\t\t<\/div>\n\t\t\t\t<\/div>\n\t\t\t\t<div class=\"elementor-element elementor-element-a512779 elementor-widget elementor-widget-spacer\" data-id=\"a512779\" data-element_type=\"widget\" data-widget_type=\"spacer.default\">\n\t\t\t\t<div class=\"elementor-widget-container\">\n\t\t\t\t\t<div class=\"elementor-spacer\">\n\t\t\t<div class=\"elementor-spacer-inner\"><\/div>\n\t\t<\/div>\n\t\t\t\t<\/div>\n\t\t\t\t<\/div>\n\t\t\t\t\t<\/div>\n\t\t\t\t<\/div>\n\t\t<div class=\"elementor-element elementor-element-4681066 e-flex e-con-boxed e-con e-parent\" data-id=\"4681066\" data-element_type=\"container\" data-settings=\"{&quot;background_background&quot;:&quot;classic&quot;,&quot;content_width&quot;:&quot;boxed&quot;}\" data-core-v316-plus=\"true\">\n\t\t\t\t\t<div class=\"e-con-inner\">\n\t\t\t\t<div class=\"elementor-element elementor-element-ae2c633 elementor-widget elementor-widget-heading\" data-id=\"ae2c633\" data-element_type=\"widget\" data-widget_type=\"heading.default\">\n\t\t\t\t<div class=\"elementor-widget-container\">\n\t\t\t<h2 class=\"elementor-heading-title elementor-size-default\">Vous n'avez pas trouv\u00e9 votre r\u00e9ponse ?<\/h2>\t\t<\/div>\n\t\t\t\t<\/div>\n\t\t\t\t<div class=\"elementor-element elementor-element-e04f081 elementor-widget elementor-widget-text-editor\" data-id=\"e04f081\" data-element_type=\"widget\" data-widget_type=\"text-editor.default\">\n\t\t\t\t<div class=\"elementor-widget-container\">\n\t\t\t\t\t\t\tPosez nous votre question et nous vous r\u00e9pondrons dans les plus bref d\u00e9lais.\n\n\t\t\t\t\t\t<\/div>\n\t\t\t\t<\/div>\n\t\t\t\t<div class=\"elementor-element elementor-element-bb0a1a9 elementor-widget elementor-widget-premium-addon-button\" data-id=\"bb0a1a9\" data-element_type=\"widget\" data-widget_type=\"premium-addon-button.default\">\n\t\t\t\t<div class=\"elementor-widget-container\">\n\t\t\t\r\n\r\n\t\t<a class=\"premium-button premium-button-none premium-btn-lg premium-button-none\" href=\"https:\/\/cls.bacasable-atoll.com\/index.php\/contact\/\">\r\n\t\t\t<div class=\"premium-button-text-icon-wrapper\">\r\n\t\t\t\t\t\t\t\t<span >\r\n\t\t\t\t\tContacter\t\t\t\t<\/span>\r\n\t\t\t\t\t\t\t<\/div>\r\n\t\t\t\t\t\t\t\t<\/a>\r\n\r\n\r\n\t\t\t\t<\/div>\n\t\t\t\t<\/div>\n\t\t\t\t\t<\/div>\n\t\t\t\t<\/div>\n\t\t\t\t\t\t\t<\/div>\n\t\t","protected":false},"excerpt":{"rendered":"<p>Foire aux questions Au plus proche de vos interrogations. La sublimation c&#039;est quoi ? Il s&rsquo;agit du passage d&rsquo;un corps de l&rsquo;\u00e9tat solide \u00e0 l&rsquo;\u00e9tat gazeux sans utiliser d&rsquo;eau. La diff\u00e9rence entre la sublimation et le nettoyage? La sublimation permet d&rsquo;atteindre un r\u00e9sultat de meilleure qualit\u00e9 par rapport au nettoyage. C&rsquo;est un d\u00e9crassage en profondeur [&hellip;]<\/p>\n","protected":false},"author":1,"featured_media":0,"parent":0,"menu_order":0,"comment_status":"closed","ping_status":"closed","template":"","meta":{"inline_featured_image":false,"footnotes":""},"yoast_head":"<!-- This site is optimized with the Yoast SEO plugin v21.3 - https:\/\/yoast.com\/wordpress\/plugins\/seo\/ -->\n<title>FAQ - Clogicservices<\/title>\n<meta name=\"robots\" content=\"noindex, follow, max-snippet:-1, max-image-preview:large, max-video-preview:-1\" \/>\n<meta property=\"og:locale\" content=\"fr_FR\" \/>\n<meta property=\"og:type\" content=\"article\" \/>\n<meta property=\"og:title\" content=\"FAQ - Clogicservices\" \/>\n<meta property=\"og:description\" content=\"Foire aux questions Au plus proche de vos interrogations. La sublimation c&#039;est quoi ? Il s&rsquo;agit du passage d&rsquo;un corps de l&rsquo;\u00e9tat solide \u00e0 l&rsquo;\u00e9tat gazeux sans utiliser d&rsquo;eau. La diff\u00e9rence entre la sublimation et le nettoyage? La sublimation permet d&rsquo;atteindre un r\u00e9sultat de meilleure qualit\u00e9 par rapport au nettoyage. C&rsquo;est un d\u00e9crassage en profondeur [&hellip;]\" \/>\n<meta property=\"og:url\" content=\"https:\/\/cls.bacasable-atoll.com\/index.php\/faq\/\" \/>\n<meta property=\"og:site_name\" content=\"Clogicservices\" \/>\n<meta property=\"article:modified_time\" content=\"2023-09-06T13:13:40+00:00\" \/>\n<meta name=\"twitter:card\" content=\"summary_large_image\" \/>\n<meta name=\"twitter:label1\" content=\"Dur\u00e9e de lecture estim\u00e9e\" \/>\n\t<meta name=\"twitter:data1\" content=\"1 minute\" \/>\n<script type=\"application\/ld+json\" class=\"yoast-schema-graph\">{\"@context\":\"https:\/\/schema.org\",\"@graph\":[{\"@type\":\"WebPage\",\"@id\":\"https:\/\/cls.bacasable-atoll.com\/index.php\/faq\/\",\"url\":\"https:\/\/cls.bacasable-atoll.com\/index.php\/faq\/\",\"name\":\"FAQ - Clogicservices\",\"isPartOf\":{\"@id\":\"https:\/\/cls.bacasable-atoll.com\/#website\"},\"datePublished\":\"2023-05-15T09:47:44+00:00\",\"dateModified\":\"2023-09-06T13:13:40+00:00\",\"breadcrumb\":{\"@id\":\"https:\/\/cls.bacasable-atoll.com\/index.php\/faq\/#breadcrumb\"},\"inLanguage\":\"fr-FR\",\"potentialAction\":[{\"@type\":\"ReadAction\",\"target\":[\"https:\/\/cls.bacasable-atoll.com\/index.php\/faq\/\"]}]},{\"@type\":\"BreadcrumbList\",\"@id\":\"https:\/\/cls.bacasable-atoll.com\/index.php\/faq\/#breadcrumb\",\"itemListElement\":[{\"@type\":\"ListItem\",\"position\":1,\"name\":\"Accueil\",\"item\":\"https:\/\/cls.bacasable-atoll.com\/\"},{\"@type\":\"ListItem\",\"position\":2,\"name\":\"FAQ\"}]},{\"@type\":\"WebSite\",\"@id\":\"https:\/\/cls.bacasable-atoll.com\/#website\",\"url\":\"https:\/\/cls.bacasable-atoll.com\/\",\"name\":\"Clogicservices\",\"description\":\"Sublimation Laser &amp; Cryog\u00e9nisation\",\"publisher\":{\"@id\":\"https:\/\/cls.bacasable-atoll.com\/#organization\"},\"potentialAction\":[{\"@type\":\"SearchAction\",\"target\":{\"@type\":\"EntryPoint\",\"urlTemplate\":\"https:\/\/cls.bacasable-atoll.com\/?s={search_term_string}\"},\"query-input\":\"required name=search_term_string\"}],\"inLanguage\":\"fr-FR\"},{\"@type\":\"Organization\",\"@id\":\"https:\/\/cls.bacasable-atoll.com\/#organization\",\"name\":\"C Logic Services\",\"alternateName\":\"CLS France\",\"url\":\"https:\/\/cls.bacasable-atoll.com\/\",\"logo\":{\"@type\":\"ImageObject\",\"inLanguage\":\"fr-FR\",\"@id\":\"https:\/\/cls.bacasable-atoll.com\/#\/schema\/logo\/image\/\",\"url\":\"https:\/\/cls.bacasable-atoll.com\/wp-content\/uploads\/2023\/05\/logo-cls-NOIR.png\",\"contentUrl\":\"https:\/\/cls.bacasable-atoll.com\/wp-content\/uploads\/2023\/05\/logo-cls-NOIR.png\",\"width\":5253,\"height\":2118,\"caption\":\"C Logic Services\"},\"image\":{\"@id\":\"https:\/\/cls.bacasable-atoll.com\/#\/schema\/logo\/image\/\"}}]}<\/script>\n<!-- \/ Yoast SEO plugin. -->","yoast_head_json":{"title":"FAQ - Clogicservices","robots":{"index":"noindex","follow":"follow","max-snippet":"max-snippet:-1","max-image-preview":"max-image-preview:large","max-video-preview":"max-video-preview:-1"},"og_locale":"fr_FR","og_type":"article","og_title":"FAQ - Clogicservices","og_description":"Foire aux questions Au plus proche de vos interrogations. La sublimation c&#039;est quoi ? Il s&rsquo;agit du passage d&rsquo;un corps de l&rsquo;\u00e9tat solide \u00e0 l&rsquo;\u00e9tat gazeux sans utiliser d&rsquo;eau. La diff\u00e9rence entre la sublimation et le nettoyage? La sublimation permet d&rsquo;atteindre un r\u00e9sultat de meilleure qualit\u00e9 par rapport au nettoyage. C&rsquo;est un d\u00e9crassage en profondeur [&hellip;]","og_url":"https:\/\/cls.bacasable-atoll.com\/index.php\/faq\/","og_site_name":"Clogicservices","article_modified_time":"2023-09-06T13:13:40+00:00","twitter_card":"summary_large_image","twitter_misc":{"Dur\u00e9e de lecture estim\u00e9e":"1 minute"},"schema":{"@context":"https:\/\/schema.org","@graph":[{"@type":"WebPage","@id":"https:\/\/cls.bacasable-atoll.com\/index.php\/faq\/","url":"https:\/\/cls.bacasable-atoll.com\/index.php\/faq\/","name":"FAQ - Clogicservices","isPartOf":{"@id":"https:\/\/cls.bacasable-atoll.com\/#website"},"datePublished":"2023-05-15T09:47:44+00:00","dateModified":"2023-09-06T13:13:40+00:00","breadcrumb":{"@id":"https:\/\/cls.bacasable-atoll.com\/index.php\/faq\/#breadcrumb"},"inLanguage":"fr-FR","potentialAction":[{"@type":"ReadAction","target":["https:\/\/cls.bacasable-atoll.com\/index.php\/faq\/"]}]},{"@type":"BreadcrumbList","@id":"https:\/\/cls.bacasable-atoll.com\/index.php\/faq\/#breadcrumb","itemListElement":[{"@type":"ListItem","position":1,"name":"Accueil","item":"https:\/\/cls.bacasable-atoll.com\/"},{"@type":"ListItem","position":2,"name":"FAQ"}]},{"@type":"WebSite","@id":"https:\/\/cls.bacasable-atoll.com\/#website","url":"https:\/\/cls.bacasable-atoll.com\/","name":"Clogicservices","description":"Sublimation Laser &amp; Cryog\u00e9nisation","publisher":{"@id":"https:\/\/cls.bacasable-atoll.com\/#organization"},"potentialAction":[{"@type":"SearchAction","target":{"@type":"EntryPoint","urlTemplate":"https:\/\/cls.bacasable-atoll.com\/?s={search_term_string}"},"query-input":"required name=search_term_string"}],"inLanguage":"fr-FR"},{"@type":"Organization","@id":"https:\/\/cls.bacasable-atoll.com\/#organization","name":"C Logic Services","alternateName":"CLS France","url":"https:\/\/cls.bacasable-atoll.com\/","logo":{"@type":"ImageObject","inLanguage":"fr-FR","@id":"https:\/\/cls.bacasable-atoll.com\/#\/schema\/logo\/image\/","url":"https:\/\/cls.bacasable-atoll.com\/wp-content\/uploads\/2023\/05\/logo-cls-NOIR.png","contentUrl":"https:\/\/cls.bacasable-atoll.com\/wp-content\/uploads\/2023\/05\/logo-cls-NOIR.png","width":5253,"height":2118,"caption":"C Logic Services"},"image":{"@id":"https:\/\/cls.bacasable-atoll.com\/#\/schema\/logo\/image\/"}}]}},"_links":{"self":[{"href":"https:\/\/cls.bacasable-atoll.com\/index.php\/wp-json\/wp\/v2\/pages\/68"}],"collection":[{"href":"https:\/\/cls.bacasable-atoll.com\/index.php\/wp-json\/wp\/v2\/pages"}],"about":[{"href":"https:\/\/cls.bacasable-atoll.com\/index.php\/wp-json\/wp\/v2\/types\/page"}],"author":[{"embeddable":true,"href":"https:\/\/cls.bacasable-atoll.com\/index.php\/wp-json\/wp\/v2\/users\/1"}],"replies":[{"embeddable":true,"href":"https:\/\/cls.bacasable-atoll.com\/index.php\/wp-json\/wp\/v2\/comments?post=68"}],"version-history":[{"count":57,"href":"https:\/\/cls.bacasable-atoll.com\/index.php\/wp-json\/wp\/v2\/pages\/68\/revisions"}],"predecessor-version":[{"id":1338,"href":"https:\/\/cls.bacasable-atoll.com\/index.php\/wp-json\/wp\/v2\/pages\/68\/revisions\/1338"}],"wp:attachment":[{"href":"https:\/\/cls.bacasable-atoll.com\/index.php\/wp-json\/wp\/v2\/media?parent=68"}],"curies":[{"name":"wp","href":"https:\/\/api.w.org\/{rel}","templated":true}]}}